{"id":2549,"date":"2018-02-06T16:44:28","date_gmt":"2018-02-06T16:44:28","guid":{"rendered":"https:\/\/apartamentosvoramar.com\/condiciones-generales\/"},"modified":"2018-05-24T10:36:32","modified_gmt":"2018-05-24T10:36:32","slug":"allgemeine-bedingungen","status":"publish","type":"page","link":"https:\/\/www.apartamentosvoramar.com\/de\/allgemeine-bedingungen\/","title":{"rendered":"allgemeine Bedingungen"},"content":{"rendered":"<div class=\"wpb-content-wrapper\"><p>[vc_row][vc_column][vc_empty_space height=&#8220;40px&#8220;][\/vc_column][\/vc_row][vc_row][vc_column][vc_custom_heading text=&#8220;APARTAMENTOS VORAMAR &#8211; CASTELLDEFELS PLAYA&#8220; font_container=&#8220;tag:h1|text_align:left&#8220; use_theme_fonts=&#8220;yes&#8220; css=&#8220;.vc_custom_1518001589519{margin-bottom: 30px !important;}&#8220;][\/vc_column][\/vc_row][vc_row css=&#8220;.vc_custom_1527158189747{margin-bottom: 80px !important;}&#8220;][vc_column][vc_column_text]<\/p>\n<ul>\n<li class=\"li1\"><span class=\"s2\">ANZAHLUNG: F\u00fcr die Reservierung ist eine Anzahlung in H\u00f6he von 30% des Gesamtbetrages der Anmietung zu leisten. Die Zahlung kann durch Bank\u00fcberweisung erfolgen oder an der Rezeption von Apartamentos Mar\u00edtim geleistet werden. <\/span><\/li>\n<li class=\"li1\"><span class=\"s2\">ZAHLUNG DES MIETBETRAGES: Die Zahlung des Betrages f\u00fcr die gesamte Aufenthaltsdauer erfolgt beim Check-in der Kunden. Sie kann mittels Kreditkarte (VISA oder MasterCard) oder in bar geleistet werden.<\/span><\/li>\n<li class=\"li1\"><span class=\"s2\">PREISE DER WOHNUNGEN: Der Preis der Wohnung h\u00e4ngt von der Anzahl der Personen, der Art der Wohnung, der Dauer des Aufenthalts und der Saison ab. Au\u00dferdem h\u00e4ngt er von den gebuchten Extraleistungen wie z.B. dem Parkplatz ab. Unsere Preise schlie\u00dfen die Kosten f\u00fcr Wasser, Gas und Elektrizit\u00e4t sowie Handt\u00fccher, Bettt\u00fccher und K\u00fcchenutensilien ein. <\/span><\/li>\n<li class=\"li1\"><span class=\"s2\">RESERVIERUNGSFORMULAR: Wenn Sie \u00fcber den Preis der Wohnungen informiert werden m\u00f6chten, k\u00f6nnen Sie uns Ihre Anfrage \u00fcber das Reservierungsformular senden, das sich auf der Seite KONTAKT befindet. Wir antworten Ihnen schnellstens mit dem g\u00fcnstigsten verf\u00fcgbaren Angebot.<\/span><\/li>\n<li class=\"li1\"><span class=\"s2\">REINIGUNG: Die Reinigung der Wohnung erfolgt 2 oder 3mal w\u00f6chentlich je nach dem gew\u00e4hlten Tarif. Die Bettt\u00fccher werden alle 7 Tage gewechselt. Die Reinigung der K\u00fcche IST NICHT EINGESCHLOSSEN. Es besteht die M\u00f6glichkeit der t\u00e4glichen Reinigung gegen Extrabezahlung. <\/span><\/li>\n<li class=\"li1\"><span class=\"s2\">KAUTION: Beim Check-in haben die G\u00e4ste eine Kaution zu stellen, die bei der Abreise und nach Pr\u00fcfung der Wohnung und Feststellung, dass Besch\u00e4digungen vorhanden sind und dass der Gast die K\u00fcche sauber hinterlassen hat, zur\u00fcckerstattet wird. <\/span><\/li>\n<li class=\"li1\"><span class=\"s2\">ANMELDEZEIT ODER <i>CHECK-IN<\/i>.: Der Check-in erfolgt ab 15 Uhr. Wenn Sie vor der Anmeldezeit eintreffen, k\u00f6nnen Sie die Koffer aufbewahren lassen oder, falls die Wohnung frei ist, diese sofort beziehen.<\/span><\/li>\n<li class=\"li1\"><span class=\"s2\">ABREISEZEIT ODER <i>CHECK-OUT<\/i>. Die Wohnung muss am Abreisetag vor 11:30 Uhr verlassen werden. <\/span><\/li>\n<li class=\"li1\"><span class=\"s2\">HAUSTIERE. Apartamentos Voramar erlauben keine Haustiere.<\/span><\/li>\n<li class=\"li1\"><span class=\"s2\">RAUCHVERBOT: In allen Wohnungen darf <b>NICHT <\/b>geraucht werden<b>:<\/b> Wir bitten Sie, nicht in den Wohnungen zu rauchen.<\/span><\/li>\n<li class=\"li2\"><span class=\"s2\">ANNULLIERUNG DER RESERVIERUNG: Nur wenn die Annullierung 28 Tage vor dem Ankunftsdatum erfolgt, wird der Gesamtbetrag der Anzahlung zur\u00fcckerstattet.<\/span><\/li>\n<\/ul>\n<p>[\/vc_column_text][\/vc_column][\/vc_row]<\/p>\n<\/div>","protected":false},"excerpt":{"rendered":"<p>[vc_row][vc_column][vc_empty_space height=&#8220;40px&#8220;][\/vc_column][\/vc_row][vc_row][vc_column][vc_custom_heading text=&#8220;APARTAMENTOS VORAMAR &#8211; CASTELLDEFELS PLAYA&#8220; font_container=&#8220;tag:h1|text_align:left&#8220; use_theme_fonts=&#8220;yes&#8220; css=&#8220;.vc_custom_1518001589519{margin-bottom: 30px !important;}&#8220;][\/vc_column][\/vc_row][vc_row css=&#8220;.vc_custom_1527158189747{margin-bottom: 80px !important;}&#8220;][vc_column][vc_column_text] ANZAHLUNG: F\u00fcr die Reservierung ist eine Anzahlung in H\u00f6he von 30% des Gesamtbetrages der Anmietung zu leisten. Die Zahlung kann durch Bank\u00fcberweisung erfolgen oder an der Rezeption von Apartamentos Mar\u00edtim geleistet werden. ZAHLUNG DES MIETBETRAGES: Die Zahlung des Betrages f\u00fcr [&hellip;]<\/p>\n","protected":false},"author":1,"featured_media":0,"parent":0,"menu_order":0,"comment_status":"closed","ping_status":"closed","template":"","meta":{"footnotes":""},"class_list":["post-2549","page","type-page","status-publish","hentry"],"yoast_head":"<!-- This site is optimized with the Yoast SEO plugin v27.5 - https:\/\/yoast.com\/product\/yoast-seo-wordpress\/ -->\n<title>Condiciones Generales de Reserva - Apartamentos Voramar<\/title>\n<meta name=\"description\" content=\"Puedes leer y revisar todas las condiciones generales de reserva y estancia de Apartamentos Voramar en la Playa de Castelldefels en esta p\u00e1gina. \u00a1Tranquilidad asegurada desde el primer minuto!\" \/>\n<meta name=\"robots\" content=\"index, follow, max-snippet:-1, max-image-preview:large, max-video-preview:-1\" \/>\n<link rel=\"canonical\" href=\"https:\/\/www.apartamentosvoramar.com\/condiciones-generales\/\" \/>\n<meta property=\"og:locale\" content=\"de_DE\" \/>\n<meta property=\"og:type\" content=\"article\" \/>\n<meta property=\"og:title\" content=\"Condiciones Generales de Reserva - Apartamentos Voramar\" \/>\n<meta property=\"og:description\" content=\"Puedes leer y revisar todas las condiciones generales de reserva y estancia de Apartamentos Voramar en la Playa de Castelldefels en esta p\u00e1gina. \u00a1Tranquilidad asegurada desde el primer minuto!\" \/>\n<meta property=\"og:url\" content=\"https:\/\/www.apartamentosvoramar.com\/condiciones-generales\/\" \/>\n<meta property=\"og:site_name\" content=\"Apartamentos Voramar\" \/>\n<meta property=\"article:modified_time\" content=\"2018-05-24T10:36:32+00:00\" \/>\n<meta name=\"twitter:card\" content=\"summary_large_image\" \/>\n<meta name=\"twitter:label1\" content=\"Gesch\u00e4tzte Lesezeit\" \/>\n\t<meta name=\"twitter:data1\" content=\"2\u00a0Minuten\" \/>\n<script type=\"application\/ld+json\" class=\"yoast-schema-graph\">{\"@context\":\"https:\\\/\\\/schema.org\",\"@graph\":[{\"@type\":\"WebPage\",\"@id\":\"https:\\\/\\\/www.apartamentosvoramar.com\\\/condiciones-generales\\\/\",\"url\":\"https:\\\/\\\/www.apartamentosvoramar.com\\\/condiciones-generales\\\/\",\"name\":\"Condiciones Generales de Reserva - Apartamentos Voramar\",\"isPartOf\":{\"@id\":\"https:\\\/\\\/www.apartamentosvoramar.com\\\/#website\"},\"datePublished\":\"2018-02-06T16:44:28+00:00\",\"dateModified\":\"2018-05-24T10:36:32+00:00\",\"description\":\"Puedes leer y revisar todas las condiciones generales de reserva y estancia de Apartamentos Voramar en la Playa de Castelldefels en esta p\u00e1gina. \u00a1Tranquilidad asegurada desde el primer minuto!\",\"breadcrumb\":{\"@id\":\"https:\\\/\\\/www.apartamentosvoramar.com\\\/condiciones-generales\\\/#breadcrumb\"},\"inLanguage\":\"de\",\"potentialAction\":[{\"@type\":\"ReadAction\",\"target\":[\"https:\\\/\\\/www.apartamentosvoramar.com\\\/condiciones-generales\\\/\"]}]},{\"@type\":\"BreadcrumbList\",\"@id\":\"https:\\\/\\\/www.apartamentosvoramar.com\\\/condiciones-generales\\\/#breadcrumb\",\"itemListElement\":[{\"@type\":\"ListItem\",\"position\":1,\"name\":\"Portada\",\"item\":\"https:\\\/\\\/www.apartamentosvoramar.com\\\/de\\\/\"},{\"@type\":\"ListItem\",\"position\":2,\"name\":\"allgemeine Bedingungen\"}]},{\"@type\":\"WebSite\",\"@id\":\"https:\\\/\\\/www.apartamentosvoramar.com\\\/#website\",\"url\":\"https:\\\/\\\/www.apartamentosvoramar.com\\\/\",\"name\":\"Apartamentos Voramar\",\"description\":\"Tu apartamento vacacional en Castelldefels playa\",\"potentialAction\":[{\"@type\":\"SearchAction\",\"target\":{\"@type\":\"EntryPoint\",\"urlTemplate\":\"https:\\\/\\\/www.apartamentosvoramar.com\\\/?s={search_term_string}\"},\"query-input\":{\"@type\":\"PropertyValueSpecification\",\"valueRequired\":true,\"valueName\":\"search_term_string\"}}],\"inLanguage\":\"de\"}]}<\/script>\n<!-- \/ Yoast SEO plugin. -->","yoast_head_json":{"title":"Condiciones Generales de Reserva - Apartamentos Voramar","description":"Puedes leer y revisar todas las condiciones generales de reserva y estancia de Apartamentos Voramar en la Playa de Castelldefels en esta p\u00e1gina. \u00a1Tranquilidad asegurada desde el primer minuto!","robots":{"index":"index","follow":"follow","max-snippet":"max-snippet:-1","max-image-preview":"max-image-preview:large","max-video-preview":"max-video-preview:-1"},"canonical":"https:\/\/www.apartamentosvoramar.com\/condiciones-generales\/","og_locale":"de_DE","og_type":"article","og_title":"Condiciones Generales de Reserva - Apartamentos Voramar","og_description":"Puedes leer y revisar todas las condiciones generales de reserva y estancia de Apartamentos Voramar en la Playa de Castelldefels en esta p\u00e1gina. \u00a1Tranquilidad asegurada desde el primer minuto!","og_url":"https:\/\/www.apartamentosvoramar.com\/condiciones-generales\/","og_site_name":"Apartamentos Voramar","article_modified_time":"2018-05-24T10:36:32+00:00","twitter_card":"summary_large_image","twitter_misc":{"Gesch\u00e4tzte Lesezeit":"2\u00a0Minuten"},"schema":{"@context":"https:\/\/schema.org","@graph":[{"@type":"WebPage","@id":"https:\/\/www.apartamentosvoramar.com\/condiciones-generales\/","url":"https:\/\/www.apartamentosvoramar.com\/condiciones-generales\/","name":"Condiciones Generales de Reserva - Apartamentos Voramar","isPartOf":{"@id":"https:\/\/www.apartamentosvoramar.com\/#website"},"datePublished":"2018-02-06T16:44:28+00:00","dateModified":"2018-05-24T10:36:32+00:00","description":"Puedes leer y revisar todas las condiciones generales de reserva y estancia de Apartamentos Voramar en la Playa de Castelldefels en esta p\u00e1gina. \u00a1Tranquilidad asegurada desde el primer minuto!","breadcrumb":{"@id":"https:\/\/www.apartamentosvoramar.com\/condiciones-generales\/#breadcrumb"},"inLanguage":"de","potentialAction":[{"@type":"ReadAction","target":["https:\/\/www.apartamentosvoramar.com\/condiciones-generales\/"]}]},{"@type":"BreadcrumbList","@id":"https:\/\/www.apartamentosvoramar.com\/condiciones-generales\/#breadcrumb","itemListElement":[{"@type":"ListItem","position":1,"name":"Portada","item":"https:\/\/www.apartamentosvoramar.com\/de\/"},{"@type":"ListItem","position":2,"name":"allgemeine Bedingungen"}]},{"@type":"WebSite","@id":"https:\/\/www.apartamentosvoramar.com\/#website","url":"https:\/\/www.apartamentosvoramar.com\/","name":"Apartamentos Voramar","description":"Tu apartamento vacacional en Castelldefels playa","potentialAction":[{"@type":"SearchAction","target":{"@type":"EntryPoint","urlTemplate":"https:\/\/www.apartamentosvoramar.com\/?s={search_term_string}"},"query-input":{"@type":"PropertyValueSpecification","valueRequired":true,"valueName":"search_term_string"}}],"inLanguage":"de"}]}},"_links":{"self":[{"href":"https:\/\/www.apartamentosvoramar.com\/de\/wp-json\/wp\/v2\/pages\/2549","targetHints":{"allow":["GET"]}}],"collection":[{"href":"https:\/\/www.apartamentosvoramar.com\/de\/wp-json\/wp\/v2\/pages"}],"about":[{"href":"https:\/\/www.apartamentosvoramar.com\/de\/wp-json\/wp\/v2\/types\/page"}],"author":[{"embeddable":true,"href":"https:\/\/www.apartamentosvoramar.com\/de\/wp-json\/wp\/v2\/users\/1"}],"replies":[{"embeddable":true,"href":"https:\/\/www.apartamentosvoramar.com\/de\/wp-json\/wp\/v2\/comments?post=2549"}],"version-history":[{"count":2,"href":"https:\/\/www.apartamentosvoramar.com\/de\/wp-json\/wp\/v2\/pages\/2549\/revisions"}],"predecessor-version":[{"id":2659,"href":"https:\/\/www.apartamentosvoramar.com\/de\/wp-json\/wp\/v2\/pages\/2549\/revisions\/2659"}],"wp:attachment":[{"href":"https:\/\/www.apartamentosvoramar.com\/de\/wp-json\/wp\/v2\/media?parent=2549"}],"curies":[{"name":"wp","href":"https:\/\/api.w.org\/{rel}","templated":true}]}}