{"id":2613,"date":"2018-01-22T14:37:23","date_gmt":"2018-01-22T14:37:23","guid":{"rendered":"https:\/\/apartamentosvoramar.com\/contacto\/"},"modified":"2020-05-12T14:09:30","modified_gmt":"2020-05-12T14:09:30","slug":"contact","status":"publish","type":"page","link":"https:\/\/www.apartamentosvoramar.com\/en\/contact\/","title":{"rendered":"Contact"},"content":{"rendered":"<div class=\"wpb-content-wrapper\"><p>[vc_row][vc_column]<div style=\"background-color:#ffffff;height: 50px\" class=\"nicdark_section  \"><\/div>[vc_gmaps link=&#8221;#E-8_JTNDaWZyYW1lJTIwc3JjJTNEJTIyaHR0cHMlM0ElMkYlMkZ3d3cuZ29vZ2xlLmNvbSUyRm1hcHMlMkZlbWJlZCUzRnBiJTNEJTIxMW0xNCUyMTFtOCUyMTFtMyUyMTFkMTE5OTYuMDEwODk0NjI0ODUxJTIxMmQxLjk2NTU2MzclMjEzZDQxLjI2NTI3NjYlMjEzbTIlMjExaTEwMjQlMjEyaTc2OCUyMTRmMTMuMSUyMTNtMyUyMTFtMiUyMTFzMHgwJTI1M0EweGFkYjQwZTkxNDA3MDdmOWYlMjEyc0FwYXJ0YW1lbnRvcyUyQlZvcmFtYXIlMjE1ZTAlMjEzbTIlMjExc2VzJTIxMnNlcyUyMTR2MTUxODM4MDkwNTMyMyUyMiUyMHdpZHRoJTNEJTIyNjAwJTIyJTIwaGVpZ2h0JTNEJTIyNDUwJTIyJTIwZnJhbWVib3JkZXIlM0QlMjIwJTIyJTIwc3R5bGUlM0QlMjJib3JkZXIlM0EwJTIyJTIwYWxsb3dmdWxsc2NyZWVuJTNFJTNDJTJGaWZyYW1lJTNF&#8221;]<div style=\"background-color:#ffffff;height: 50px\" class=\"nicdark_section  \"><\/div>[\/vc_column][\/vc_row][vc_row][vc_column width=&#8221;1\/2&#8243; css=&#8221;.vc_custom_1467214267244{padding-top: 10px !important;padding-bottom: 10px !important;}&#8221;] <h2 style=\"color:;padding:px;text-align:;font-size:25px;line-height:25px;letter-spacing: px;font-weight:normal\" class=\"   nd_options_first_font \">Apartamentos Voramar - Contact<\/h2> <div style=\"background-color:;height: 20px\" class=\"nicdark_section  \"><\/div>[vc_column_text]You can contact with Voramar Apartments through the contact form. Send us your question or request and we will answer you as soon as possible, less than 24 hours.<\/p>\n<p>You can also contact us through email or phone.[\/vc_column_text]<div style=\"background-color:;height: 20px\" class=\"nicdark_section  \"><\/div>\n\n    <!--start form-->\n    <div id=\"nd_options_shortcode_cf7_2774\" class=\"nd_options_section \">\n      \n      <div class=\"nd_options_section nd_options_box_sizing_border_box\">\n        \n<div class=\"wpcf7 no-js\" id=\"wpcf7-f2774-o1\" lang=\"es-ES\" dir=\"ltr\">\n<div class=\"screen-reader-response\"><p role=\"status\" aria-live=\"polite\" aria-atomic=\"true\"><\/p> <ul><\/ul><\/div>\n<form action=\"\/en\/wp-json\/wp\/v2\/pages\/2613#wpcf7-f2774-o1\" method=\"post\" class=\"wpcf7-form init\" aria-label=\"Formulario de contacto\" novalidate=\"novalidate\" data-status=\"init\">\n<input type=\"hidden\" name=\"_wpcf7\" value=\"2774\" \/><input type=\"hidden\" name=\"_wpcf7_version\" value=\"6.1.5\" \/><input type=\"hidden\" name=\"_wpcf7_locale\" value=\"es_ES\" \/><input type=\"hidden\" name=\"_wpcf7_unit_tag\" value=\"wpcf7-f2774-o1\" \/><input type=\"hidden\" name=\"_wpcf7_container_post\" value=\"0\" \/><input type=\"hidden\" name=\"_wpcf7_posted_data_hash\" value=\"\" \/><input type=\"hidden\" name=\"_wpcf7_recaptcha_response\" value=\"\" \/>\n\n<p><label> Your name (requerido)<br \/>\n<span class=\"wpcf7-form-control-wrap\" data-name=\"your-name\"><input size=\"40\" class=\"wpcf7-form-control wpcf7-text wpcf7-validates-as-required\" aria-required=\"true\" aria-invalid=\"false\" value=\"\" type=\"text\" name=\"your-name\" \/><\/span> <\/label>\n<\/p>\n<p><label> Email (requerido)<br \/>\n<span class=\"wpcf7-form-control-wrap\" data-name=\"your-email\"><input size=\"40\" class=\"wpcf7-form-control wpcf7-email wpcf7-validates-as-required wpcf7-text wpcf7-validates-as-email\" aria-required=\"true\" aria-invalid=\"false\" value=\"\" type=\"email\" name=\"your-email\" \/><\/span> <\/label>\n<\/p>\n<p><label> Subject<br \/>\n<span class=\"wpcf7-form-control-wrap\" data-name=\"your-subject\"><input size=\"40\" class=\"wpcf7-form-control wpcf7-text\" aria-invalid=\"false\" value=\"\" type=\"text\" name=\"your-subject\" \/><\/span> <\/label>\n<\/p>\n<p><label> Message<br \/>\n<span class=\"wpcf7-form-control-wrap\" data-name=\"your-message\"><textarea cols=\"40\" rows=\"10\" class=\"wpcf7-form-control wpcf7-textarea\" aria-invalid=\"false\" name=\"your-message\"><\/textarea><\/span> <\/label>\n<\/p>\n<p><input class=\"wpcf7-form-control wpcf7-submit has-spinner\" type=\"submit\" value=\"Send\" \/>\n<\/p><div class=\"wpcf7-response-output\" aria-hidden=\"true\"><\/div>\n<\/form>\n<\/div>\n \n      <\/div>  \n\n    <\/div>\n    <!--end form-->\n\n   [\/vc_column][vc_column width=&#8221;1\/2&#8243; css=&#8221;.vc_custom_1467214272039{padding-top: 10px !important;padding-bottom: 10px !important;}&#8221;]<div style=\"background-color:;height: 25px\" class=\"nicdark_section  \"><\/div>[vc_row_inner][vc_column_inner]\n\n\n  <div class=\"nd_options_section  nd_options_display_table \">\n    <div class=\"nd_options_display_table_cell nd_options_vertical_align_middle nd_options_width_50_percentage nd_options_text_align_left nd_options_padding_10 nd_options_box_sizing_border_box\">\n      <p class=\" nd_options_second_font nd_options_margin_0 nd_options_padding_0\" style=\"color:#444444\">Address:<\/p>\n    <\/div>\n    <div class=\"nd_options_display_table_cell nd_options_vertical_align_middle nd_options_width_50_percentage nd_options_text_align_right nd_options_padding_10 nd_options_box_sizing_border_box\">\n      <p class=\" nd_options_second_font nd_options_margin_0 nd_options_padding_0\" style=\"color:#878787\">C\/de las Barcas n\u00ba 2<\/p>\n    <\/div>\n  <\/div>\n\n\n   <div style=\"background-color:#f1f1f1;height: 1px\" class=\"nicdark_section  \"><\/div>\n\n\n  <div class=\"nd_options_section  nd_options_display_table \">\n    <div class=\"nd_options_display_table_cell nd_options_vertical_align_middle nd_options_width_50_percentage nd_options_text_align_left nd_options_padding_10 nd_options_box_sizing_border_box\">\n      <p class=\" nd_options_second_font nd_options_margin_0 nd_options_padding_0\" style=\"color:#444444\">City:<\/p>\n    <\/div>\n    <div class=\"nd_options_display_table_cell nd_options_vertical_align_middle nd_options_width_50_percentage nd_options_text_align_right nd_options_padding_10 nd_options_box_sizing_border_box\">\n      <p class=\" nd_options_second_font nd_options_margin_0 nd_options_padding_0\" style=\"color:#878787\">Castelldefels<\/p>\n    <\/div>\n  <\/div>\n\n\n   <div style=\"background-color:#f1f1f1;height: 1px\" class=\"nicdark_section  \"><\/div>\n\n\n  <div class=\"nd_options_section  nd_options_display_table \">\n    <div class=\"nd_options_display_table_cell nd_options_vertical_align_middle nd_options_width_50_percentage nd_options_text_align_left nd_options_padding_10 nd_options_box_sizing_border_box\">\n      <p class=\" nd_options_second_font nd_options_margin_0 nd_options_padding_0\" style=\"color:#444444\">Check-In:<\/p>\n    <\/div>\n    <div class=\"nd_options_display_table_cell nd_options_vertical_align_middle nd_options_width_50_percentage nd_options_text_align_right nd_options_padding_10 nd_options_box_sizing_border_box\">\n      <p class=\" nd_options_second_font nd_options_margin_0 nd_options_padding_0\" style=\"color:#878787\">A partir de las 15:00h<\/p>\n    <\/div>\n  <\/div>\n\n\n   <div style=\"background-color:#f1f1f1;height: 1px\" class=\"nicdark_section  \"><\/div>\n\n\n  <div class=\"nd_options_section  nd_options_display_table \">\n    <div class=\"nd_options_display_table_cell nd_options_vertical_align_middle nd_options_width_50_percentage nd_options_text_align_left nd_options_padding_10 nd_options_box_sizing_border_box\">\n      <p class=\" nd_options_second_font nd_options_margin_0 nd_options_padding_0\" style=\"color:#444444\">Phone:<\/p>\n    <\/div>\n    <div class=\"nd_options_display_table_cell nd_options_vertical_align_middle nd_options_width_50_percentage nd_options_text_align_right nd_options_padding_10 nd_options_box_sizing_border_box\">\n      <p class=\" nd_options_second_font nd_options_margin_0 nd_options_padding_0\" style=\"color:#878787\">(+34) 93 636 57 80<\/p>\n    <\/div>\n  <\/div>\n\n\n   <div style=\"background-color:#f1f1f1;height: 1px\" class=\"nicdark_section  \"><\/div>\n\n\n  <div class=\"nd_options_section  nd_options_display_table \">\n    <div class=\"nd_options_display_table_cell nd_options_vertical_align_middle nd_options_width_50_percentage nd_options_text_align_left nd_options_padding_10 nd_options_box_sizing_border_box\">\n      <p class=\" nd_options_second_font nd_options_margin_0 nd_options_padding_0\" style=\"color:#444444\">Email:<\/p>\n    <\/div>\n    <div class=\"nd_options_display_table_cell nd_options_vertical_align_middle nd_options_width_50_percentage nd_options_text_align_right nd_options_padding_10 nd_options_box_sizing_border_box\">\n      <p class=\" nd_options_second_font nd_options_margin_0 nd_options_padding_0\" style=\"color:#878787\">info@apartamentosvoramar.com<\/p>\n    <\/div>\n  <\/div>\n\n\n   <div style=\"background-color:#f1f1f1;height: 1px\" class=\"nicdark_section  \"><\/div>\n\n\n  <div class=\"nd_options_section  nd_options_display_table \">\n    <div class=\"nd_options_display_table_cell nd_options_vertical_align_middle nd_options_width_50_percentage nd_options_text_align_left nd_options_padding_10 nd_options_box_sizing_border_box\">\n      <p class=\" nd_options_second_font nd_options_margin_0 nd_options_padding_0\" style=\"color:#444444\"> Check-Out:<\/p>\n    <\/div>\n    <div class=\"nd_options_display_table_cell nd_options_vertical_align_middle nd_options_width_50_percentage nd_options_text_align_right nd_options_padding_10 nd_options_box_sizing_border_box\">\n      <p class=\" nd_options_second_font nd_options_margin_0 nd_options_padding_0\" style=\"color:#878787\">Hasta las 11.30h<\/p>\n    <\/div>\n  <\/div>\n\n\n   [\/vc_column_inner][\/vc_row_inner]<div style=\"background-color:;height: 35px\" class=\"nicdark_section  \"><\/div> <h5 style=\"color:#878787;padding:px;text-align:;font-size:12px;line-height:12px;letter-spacing: 2px;font-weight:lighter\" class=\"   nd_options_second_font \">From 10h to 14h and from 16h to 19h<\/h5> <div style=\"background-color:;height: 10px\" class=\"nicdark_section  \"><\/div>\n    <div class=\"nd_options_section nd_options_line_height_0  nd_options_text_align_left \">\n        <span style=\"height:1px;width:30px;background-color:#878787\" class=\"nd_options_display_inline_block\"><\/span>\n    <\/div>\n   <div style=\"background-color:;height: 10px\" class=\"nicdark_section  \"><\/div> <h3 style=\"color:#444444;padding:px;text-align:;font-size:60px;line-height:60px;letter-spacing: px;font-weight:lighter\" class=\"   nd_options_first_font \">+34 93 636 57 80<\/h3> [\/vc_column][\/vc_row][vc_row][vc_column]<div style=\"background-color:#ffffff;height: 50px\" class=\"nicdark_section  \"><\/div>[\/vc_column][\/vc_row]<\/p>\n<\/div>","protected":false},"excerpt":{"rendered":"<p>[vc_row][vc_column][vc_gmaps link=&#8221;#E-8_JTNDaWZyYW1lJTIwc3JjJTNEJTIyaHR0cHMlM0ElMkYlMkZ3d3cuZ29vZ2xlLmNvbSUyRm1hcHMlMkZlbWJlZCUzRnBiJTNEJTIxMW0xNCUyMTFtOCUyMTFtMyUyMTFkMTE5OTYuMDEwODk0NjI0ODUxJTIxMmQxLjk2NTU2MzclMjEzZDQxLjI2NTI3NjYlMjEzbTIlMjExaTEwMjQlMjEyaTc2OCUyMTRmMTMuMSUyMTNtMyUyMTFtMiUyMTFzMHgwJTI1M0EweGFkYjQwZTkxNDA3MDdmOWYlMjEyc0FwYXJ0YW1lbnRvcyUyQlZvcmFtYXIlMjE1ZTAlMjEzbTIlMjExc2VzJTIxMnNlcyUyMTR2MTUxODM4MDkwNTMyMyUyMiUyMHdpZHRoJTNEJTIyNjAwJTIyJTIwaGVpZ2h0JTNEJTIyNDUwJTIyJTIwZnJhbWVib3JkZXIlM0QlMjIwJTIyJTIwc3R5bGUlM0QlMjJib3JkZXIlM0EwJTIyJTIwYWxsb3dmdWxsc2NyZWVuJTNFJTNDJTJGaWZyYW1lJTNF&#8221;][\/vc_column][\/vc_row][vc_row][vc_column width=&#8221;1\/2&#8243; css=&#8221;.vc_custom_1467214267244{padding-top: 10px !important;padding-bottom: 10px !important;}&#8221;][vc_column_text]You can contact with Voramar Apartments through the contact form. Send us your question or request and we will answer you as soon as possible, less than 24 hours. You can also contact us through email or phone.[\/vc_column_text][\/vc_column][vc_column width=&#8221;1\/2&#8243; css=&#8221;.vc_custom_1467214272039{padding-top: 10px !important;padding-bottom: 10px !important;}&#8221;][vc_row_inner][vc_column_inner][\/vc_column_inner][\/vc_row_inner][\/vc_column][\/vc_row][vc_row][vc_column][\/vc_column][\/vc_row]<\/p>\n","protected":false},"author":1,"featured_media":0,"parent":0,"menu_order":0,"comment_status":"closed","ping_status":"closed","template":"","meta":{"footnotes":""},"class_list":["post-2613","page","type-page","status-publish","hentry"],"yoast_head":"<!-- This site is optimized with the Yoast SEO plugin v27.5 - https:\/\/yoast.com\/product\/yoast-seo-wordpress\/ -->\n<title>Contacto - Apartamentos Voramar - Castelldefels Playa<\/title>\n<meta name=\"description\" content=\"Encuentra la ubicaci\u00f3n exacta y el contacto de Apartamentos Voramar en Castelldefels Playa. Puedes contactar con nosotros v\u00eda email o por tel\u00e9fono. \u00a1Ser\u00e1 un placer atenderte y ayudarte en todo lo que necesites! Disponemos de Parking.\" \/>\n<meta name=\"robots\" content=\"index, follow, max-snippet:-1, max-image-preview:large, max-video-preview:-1\" \/>\n<link rel=\"canonical\" href=\"https:\/\/www.apartamentosvoramar.com\/en\/contact\/\" \/>\n<meta property=\"og:locale\" content=\"en_US\" \/>\n<meta property=\"og:type\" content=\"article\" \/>\n<meta property=\"og:title\" content=\"Contacto - Apartamentos Voramar - Castelldefels Playa\" \/>\n<meta property=\"og:description\" content=\"Encuentra la ubicaci\u00f3n exacta y el contacto de Apartamentos Voramar en Castelldefels Playa. Puedes contactar con nosotros v\u00eda email o por tel\u00e9fono. \u00a1Ser\u00e1 un placer atenderte y ayudarte en todo lo que necesites! Disponemos de Parking.\" \/>\n<meta property=\"og:url\" content=\"https:\/\/www.apartamentosvoramar.com\/en\/contact\/\" \/>\n<meta property=\"og:site_name\" content=\"Apartamentos Voramar\" \/>\n<meta property=\"article:modified_time\" content=\"2020-05-12T14:09:30+00:00\" \/>\n<meta name=\"twitter:card\" content=\"summary_large_image\" \/>\n<meta name=\"twitter:label1\" content=\"Est. reading time\" \/>\n\t<meta name=\"twitter:data1\" content=\"4 minutes\" \/>\n<script type=\"application\/ld+json\" class=\"yoast-schema-graph\">{\"@context\":\"https:\\\/\\\/schema.org\",\"@graph\":[{\"@type\":\"WebPage\",\"@id\":\"https:\\\/\\\/www.apartamentosvoramar.com\\\/en\\\/contact\\\/\",\"url\":\"https:\\\/\\\/www.apartamentosvoramar.com\\\/en\\\/contact\\\/\",\"name\":\"Contacto - Apartamentos Voramar - Castelldefels Playa\",\"isPartOf\":{\"@id\":\"https:\\\/\\\/www.apartamentosvoramar.com\\\/#website\"},\"datePublished\":\"2018-01-22T14:37:23+00:00\",\"dateModified\":\"2020-05-12T14:09:30+00:00\",\"description\":\"Encuentra la ubicaci\u00f3n exacta y el contacto de Apartamentos Voramar en Castelldefels Playa. Puedes contactar con nosotros v\u00eda email o por tel\u00e9fono. \u00a1Ser\u00e1 un placer atenderte y ayudarte en todo lo que necesites! Disponemos de Parking.\",\"breadcrumb\":{\"@id\":\"https:\\\/\\\/www.apartamentosvoramar.com\\\/en\\\/contact\\\/#breadcrumb\"},\"inLanguage\":\"en-US\",\"potentialAction\":[{\"@type\":\"ReadAction\",\"target\":[\"https:\\\/\\\/www.apartamentosvoramar.com\\\/en\\\/contact\\\/\"]}]},{\"@type\":\"BreadcrumbList\",\"@id\":\"https:\\\/\\\/www.apartamentosvoramar.com\\\/en\\\/contact\\\/#breadcrumb\",\"itemListElement\":[{\"@type\":\"ListItem\",\"position\":1,\"name\":\"Portada\",\"item\":\"https:\\\/\\\/www.apartamentosvoramar.com\\\/en\\\/\"},{\"@type\":\"ListItem\",\"position\":2,\"name\":\"Contact\"}]},{\"@type\":\"WebSite\",\"@id\":\"https:\\\/\\\/www.apartamentosvoramar.com\\\/#website\",\"url\":\"https:\\\/\\\/www.apartamentosvoramar.com\\\/\",\"name\":\"Apartamentos Voramar\",\"description\":\"Tu apartamento vacacional en Castelldefels playa\",\"potentialAction\":[{\"@type\":\"SearchAction\",\"target\":{\"@type\":\"EntryPoint\",\"urlTemplate\":\"https:\\\/\\\/www.apartamentosvoramar.com\\\/?s={search_term_string}\"},\"query-input\":{\"@type\":\"PropertyValueSpecification\",\"valueRequired\":true,\"valueName\":\"search_term_string\"}}],\"inLanguage\":\"en-US\"}]}<\/script>\n<!-- \/ Yoast SEO plugin. -->","yoast_head_json":{"title":"Contacto - Apartamentos Voramar - Castelldefels Playa","description":"Encuentra la ubicaci\u00f3n exacta y el contacto de Apartamentos Voramar en Castelldefels Playa. Puedes contactar con nosotros v\u00eda email o por tel\u00e9fono. \u00a1Ser\u00e1 un placer atenderte y ayudarte en todo lo que necesites! Disponemos de Parking.","robots":{"index":"index","follow":"follow","max-snippet":"max-snippet:-1","max-image-preview":"max-image-preview:large","max-video-preview":"max-video-preview:-1"},"canonical":"https:\/\/www.apartamentosvoramar.com\/en\/contact\/","og_locale":"en_US","og_type":"article","og_title":"Contacto - Apartamentos Voramar - Castelldefels Playa","og_description":"Encuentra la ubicaci\u00f3n exacta y el contacto de Apartamentos Voramar en Castelldefels Playa. Puedes contactar con nosotros v\u00eda email o por tel\u00e9fono. \u00a1Ser\u00e1 un placer atenderte y ayudarte en todo lo que necesites! Disponemos de Parking.","og_url":"https:\/\/www.apartamentosvoramar.com\/en\/contact\/","og_site_name":"Apartamentos Voramar","article_modified_time":"2020-05-12T14:09:30+00:00","twitter_card":"summary_large_image","twitter_misc":{"Est. reading time":"4 minutes"},"schema":{"@context":"https:\/\/schema.org","@graph":[{"@type":"WebPage","@id":"https:\/\/www.apartamentosvoramar.com\/en\/contact\/","url":"https:\/\/www.apartamentosvoramar.com\/en\/contact\/","name":"Contacto - Apartamentos Voramar - Castelldefels Playa","isPartOf":{"@id":"https:\/\/www.apartamentosvoramar.com\/#website"},"datePublished":"2018-01-22T14:37:23+00:00","dateModified":"2020-05-12T14:09:30+00:00","description":"Encuentra la ubicaci\u00f3n exacta y el contacto de Apartamentos Voramar en Castelldefels Playa. Puedes contactar con nosotros v\u00eda email o por tel\u00e9fono. \u00a1Ser\u00e1 un placer atenderte y ayudarte en todo lo que necesites! Disponemos de Parking.","breadcrumb":{"@id":"https:\/\/www.apartamentosvoramar.com\/en\/contact\/#breadcrumb"},"inLanguage":"en-US","potentialAction":[{"@type":"ReadAction","target":["https:\/\/www.apartamentosvoramar.com\/en\/contact\/"]}]},{"@type":"BreadcrumbList","@id":"https:\/\/www.apartamentosvoramar.com\/en\/contact\/#breadcrumb","itemListElement":[{"@type":"ListItem","position":1,"name":"Portada","item":"https:\/\/www.apartamentosvoramar.com\/en\/"},{"@type":"ListItem","position":2,"name":"Contact"}]},{"@type":"WebSite","@id":"https:\/\/www.apartamentosvoramar.com\/#website","url":"https:\/\/www.apartamentosvoramar.com\/","name":"Apartamentos Voramar","description":"Tu apartamento vacacional en Castelldefels playa","potentialAction":[{"@type":"SearchAction","target":{"@type":"EntryPoint","urlTemplate":"https:\/\/www.apartamentosvoramar.com\/?s={search_term_string}"},"query-input":{"@type":"PropertyValueSpecification","valueRequired":true,"valueName":"search_term_string"}}],"inLanguage":"en-US"}]}},"_links":{"self":[{"href":"https:\/\/www.apartamentosvoramar.com\/en\/wp-json\/wp\/v2\/pages\/2613","targetHints":{"allow":["GET"]}}],"collection":[{"href":"https:\/\/www.apartamentosvoramar.com\/en\/wp-json\/wp\/v2\/pages"}],"about":[{"href":"https:\/\/www.apartamentosvoramar.com\/en\/wp-json\/wp\/v2\/types\/page"}],"author":[{"embeddable":true,"href":"https:\/\/www.apartamentosvoramar.com\/en\/wp-json\/wp\/v2\/users\/1"}],"replies":[{"embeddable":true,"href":"https:\/\/www.apartamentosvoramar.com\/en\/wp-json\/wp\/v2\/comments?post=2613"}],"version-history":[{"count":3,"href":"https:\/\/www.apartamentosvoramar.com\/en\/wp-json\/wp\/v2\/pages\/2613\/revisions"}],"predecessor-version":[{"id":2775,"href":"https:\/\/www.apartamentosvoramar.com\/en\/wp-json\/wp\/v2\/pages\/2613\/revisions\/2775"}],"wp:attachment":[{"href":"https:\/\/www.apartamentosvoramar.com\/en\/wp-json\/wp\/v2\/media?parent=2613"}],"curies":[{"name":"wp","href":"https:\/\/api.w.org\/{rel}","templated":true}]}}