{"id":2386,"date":"2018-02-06T16:44:28","date_gmt":"2018-02-06T16:44:28","guid":{"rendered":"https:\/\/apartamentosvoramar.com\/condiciones-generales\/"},"modified":"2018-05-24T10:37:08","modified_gmt":"2018-05-24T10:37:08","slug":"conditions-general","status":"publish","type":"page","link":"https:\/\/www.apartamentosvoramar.com\/fr\/conditions-general\/","title":{"rendered":"Conditions G\u00e9n\u00e9ral"},"content":{"rendered":"<div class=\"wpb-content-wrapper\"><p>[vc_row][vc_column][vc_empty_space height=\u00a0\u00bb40px\u00a0\u00bb][\/vc_column][\/vc_row][vc_row][vc_column][vc_custom_heading text=\u00a0\u00bbAPARTAMENTOS VORAMAR &#8211; CASTELLDEFELS PLAYA\u00a0\u00bb font_container=\u00a0\u00bbtag:h1|text_align:left\u00a0\u00bb use_theme_fonts=\u00a0\u00bbyes\u00a0\u00bb css=\u00a0\u00bb.vc_custom_1518001589519{margin-bottom: 30px !important;}\u00a0\u00bb][\/vc_column][\/vc_row][vc_row css=\u00a0\u00bb.vc_custom_1527158225830{margin-bottom: 80px !important;}\u00a0\u00bb][vc_column][vc_column_text]<\/p>\n<ul>\n<li class=\"li1\"><span class=\"s2\">D\u00c9P\u00d4T : pour effectuer la r\u00e9servation, un premier acompte de 30% du montant total de la r\u00e9servation doit \u00eatre vers\u00e9. Le paiement peut \u00eatre effectu\u00e9 par virement bancaire ou \u00e0 la r\u00e9ception des Apartamentos Mar\u00edtim.<\/span><\/li>\n<li class=\"li1\"><span class=\"s2\">PAIEMENT DE LA R\u00c9SERVATION : le montant correspondant \u00e0 la totalit\u00e9 du s\u00e9jour sera pay\u00e9 le jour de l\u2019arriv\u00e9e lors de l\u2019enregistrement des h\u00f4tes. Le paiement peut \u00eatre effectu\u00e9 par carte de cr\u00e9dit (VISA ou MasterCard) ou en esp\u00e8ces.<\/span><\/li>\n<li class=\"li1\"><span class=\"s2\">PRIX DES APPARTEMENTS : le prix de l\u2019appartement d\u00e9pend du nombre de personnes qui l\u2019occupent, du type d\u2019appartement, de la dur\u00e9e du s\u00e9jour et de la saison. Il d\u00e9pend aussi des services suppl\u00e9mentaires que vous avez souscrits, comme le parking. Nos prix comprennent l\u2019eau, le gaz et l\u2019\u00e9lectricit\u00e9, ainsi que les serviettes, les draps et les ustensiles de cuisine.<\/span><\/li>\n<li class=\"li1\"><span class=\"s2\">FORMULAIRE DE R\u00c9SERVATION : si vous souhaitez \u00eatre inform\u00e9 du prix des appartements, vous pouvez nous envoyer votre demande via le formulaire de r\u00e9servations qui se trouve sur la page CONTACT. Nous vous r\u00e9pondrons dans les meilleurs d\u00e9lais avec la meilleure offre disponible.<\/span><\/li>\n<li class=\"li1\"><span class=\"s2\">M\u00c9NAGE : l\u2019appartement sera nettoy\u00e9 2 ou 3 fois par semaine selon le type de tarif choisi. Le nettoyage comprend le changement des serviettes. Les draps seront chang\u00e9s toutes les 7 nuits. Le nettoyage de la cuisine N\u2019EST PAS INCLUS. Il est possible de demander un service de nettoyage quotidien moyennant un suppl\u00e9ment.<\/span><\/li>\n<li class=\"li1\"><span class=\"s2\">CAUTION : au moment de l\u2019enregistrement, les clients devront verser une caution qui sera restitu\u00e9e le jour du d\u00e9part lorsque l\u2019appartement aura \u00e9t\u00e9 inspect\u00e9 et qu\u2019il aura \u00e9t\u00e9 v\u00e9rifi\u00e9 qu\u2019il n\u2019y a aucun d\u00e9faut et que le client a laiss\u00e9 la cuisine propre.<\/span><\/li>\n<li class=\"li1\"><span class=\"s2\">HEURE D\u2019ENREGISTREMENT OU <i>CHECK IN<\/i>\u00a0: vous pourrez effectuer le <i>check in<\/i> \u00e0 partir de 15h00. Vous pouvez laisser vos bagages \u00e0 la consigne, et si l\u2019appartement est disponible, vous pourrez y acc\u00e9der directement.<\/span><\/li>\n<li class=\"li1\"><span class=\"s2\">HEURE DE D\u00c9PART OU <i>CHECK OUT<\/i> : l\u2019appartement devra \u00eatre lib\u00e9r\u00e9 avant 11h30 le jour du d\u00e9part.<\/span><\/li>\n<li class=\"li1\"><span class=\"s2\">ANIMAUX DE COMPAGNIE : Les Apartamentos Voramar n\u2019acceptent pas les animaux de compagnie. <\/span><\/li>\n<li class=\"li1\"><span class=\"s2\">NON-FUMEUR : Tous les appartements sont <b>NON<\/b>-fumeurs. Veuillez ne pas fumer \u00e0 l\u2019int\u00e9rieur des appartements.<\/span><\/li>\n<li class=\"li1\"><span class=\"s2\">POLITIQUE D\u2019ANNULATION DE LA R\u00c9SERVATION : la totalit\u00e9 de l\u2019acompte ne sera restitu\u00e9e que si l\u2019annulation intervient 28 jours avant la date d\u2019arriv\u00e9e.<\/span><\/li>\n<\/ul>\n<p>[\/vc_column_text][\/vc_column][\/vc_row]<\/p>\n<\/div>","protected":false},"excerpt":{"rendered":"<p>[vc_row][vc_column][vc_empty_space height=\u00a0\u00bb40px\u00a0\u00bb][\/vc_column][\/vc_row][vc_row][vc_column][vc_custom_heading text=\u00a0\u00bbAPARTAMENTOS VORAMAR &#8211; CASTELLDEFELS PLAYA\u00a0\u00bb font_container=\u00a0\u00bbtag:h1|text_align:left\u00a0\u00bb use_theme_fonts=\u00a0\u00bbyes\u00a0\u00bb css=\u00a0\u00bb.vc_custom_1518001589519{margin-bottom: 30px !important;}\u00a0\u00bb][\/vc_column][\/vc_row][vc_row css=\u00a0\u00bb.vc_custom_1527158225830{margin-bottom: 80px !important;}\u00a0\u00bb][vc_column][vc_column_text] D\u00c9P\u00d4T : pour effectuer la r\u00e9servation, un premier acompte de 30% du montant total de la r\u00e9servation doit \u00eatre vers\u00e9. Le paiement peut \u00eatre effectu\u00e9 par virement bancaire ou \u00e0 la r\u00e9ception des Apartamentos Mar\u00edtim. PAIEMENT DE LA R\u00c9SERVATION : [&hellip;]<\/p>\n","protected":false},"author":1,"featured_media":0,"parent":0,"menu_order":0,"comment_status":"closed","ping_status":"closed","template":"","meta":{"footnotes":""},"class_list":["post-2386","page","type-page","status-publish","hentry"],"yoast_head":"<!-- This site is optimized with the Yoast SEO plugin v27.5 - https:\/\/yoast.com\/product\/yoast-seo-wordpress\/ -->\n<title>Condiciones Generales de Reserva - Apartamentos Voramar<\/title>\n<meta name=\"description\" content=\"Puedes leer y revisar todas las condiciones generales de reserva y estancia de Apartamentos Voramar en la Playa de Castelldefels en esta p\u00e1gina. \u00a1Tranquilidad asegurada desde el primer minuto!\" \/>\n<meta name=\"robots\" content=\"index, follow, max-snippet:-1, max-image-preview:large, max-video-preview:-1\" \/>\n<link rel=\"canonical\" href=\"https:\/\/www.apartamentosvoramar.com\/condiciones-generales\/\" \/>\n<meta property=\"og:locale\" content=\"fr_FR\" \/>\n<meta property=\"og:type\" content=\"article\" \/>\n<meta property=\"og:title\" content=\"Condiciones Generales de Reserva - Apartamentos Voramar\" \/>\n<meta property=\"og:description\" content=\"Puedes leer y revisar todas las condiciones generales de reserva y estancia de Apartamentos Voramar en la Playa de Castelldefels en esta p\u00e1gina. \u00a1Tranquilidad asegurada desde el primer minuto!\" \/>\n<meta property=\"og:url\" content=\"https:\/\/www.apartamentosvoramar.com\/condiciones-generales\/\" \/>\n<meta property=\"og:site_name\" content=\"Apartamentos Voramar\" \/>\n<meta property=\"article:modified_time\" content=\"2018-05-24T10:37:08+00:00\" \/>\n<meta name=\"twitter:card\" content=\"summary_large_image\" \/>\n<meta name=\"twitter:label1\" content=\"Dur\u00e9e de lecture estim\u00e9e\" \/>\n\t<meta name=\"twitter:data1\" content=\"2 minutes\" \/>\n<script type=\"application\/ld+json\" class=\"yoast-schema-graph\">{\"@context\":\"https:\\\/\\\/schema.org\",\"@graph\":[{\"@type\":\"WebPage\",\"@id\":\"https:\\\/\\\/www.apartamentosvoramar.com\\\/condiciones-generales\\\/\",\"url\":\"https:\\\/\\\/www.apartamentosvoramar.com\\\/condiciones-generales\\\/\",\"name\":\"Condiciones Generales de Reserva - Apartamentos Voramar\",\"isPartOf\":{\"@id\":\"https:\\\/\\\/www.apartamentosvoramar.com\\\/#website\"},\"datePublished\":\"2018-02-06T16:44:28+00:00\",\"dateModified\":\"2018-05-24T10:37:08+00:00\",\"description\":\"Puedes leer y revisar todas las condiciones generales de reserva y estancia de Apartamentos Voramar en la Playa de Castelldefels en esta p\u00e1gina. \u00a1Tranquilidad asegurada desde el primer minuto!\",\"breadcrumb\":{\"@id\":\"https:\\\/\\\/www.apartamentosvoramar.com\\\/condiciones-generales\\\/#breadcrumb\"},\"inLanguage\":\"fr-FR\",\"potentialAction\":[{\"@type\":\"ReadAction\",\"target\":[\"https:\\\/\\\/www.apartamentosvoramar.com\\\/condiciones-generales\\\/\"]}]},{\"@type\":\"BreadcrumbList\",\"@id\":\"https:\\\/\\\/www.apartamentosvoramar.com\\\/condiciones-generales\\\/#breadcrumb\",\"itemListElement\":[{\"@type\":\"ListItem\",\"position\":1,\"name\":\"Portada\",\"item\":\"https:\\\/\\\/www.apartamentosvoramar.com\\\/fr\\\/\"},{\"@type\":\"ListItem\",\"position\":2,\"name\":\"Conditions G\u00e9n\u00e9ral\"}]},{\"@type\":\"WebSite\",\"@id\":\"https:\\\/\\\/www.apartamentosvoramar.com\\\/#website\",\"url\":\"https:\\\/\\\/www.apartamentosvoramar.com\\\/\",\"name\":\"Apartamentos Voramar\",\"description\":\"Tu apartamento vacacional en Castelldefels playa\",\"potentialAction\":[{\"@type\":\"SearchAction\",\"target\":{\"@type\":\"EntryPoint\",\"urlTemplate\":\"https:\\\/\\\/www.apartamentosvoramar.com\\\/?s={search_term_string}\"},\"query-input\":{\"@type\":\"PropertyValueSpecification\",\"valueRequired\":true,\"valueName\":\"search_term_string\"}}],\"inLanguage\":\"fr-FR\"}]}<\/script>\n<!-- \/ Yoast SEO plugin. -->","yoast_head_json":{"title":"Condiciones Generales de Reserva - Apartamentos Voramar","description":"Puedes leer y revisar todas las condiciones generales de reserva y estancia de Apartamentos Voramar en la Playa de Castelldefels en esta p\u00e1gina. \u00a1Tranquilidad asegurada desde el primer minuto!","robots":{"index":"index","follow":"follow","max-snippet":"max-snippet:-1","max-image-preview":"max-image-preview:large","max-video-preview":"max-video-preview:-1"},"canonical":"https:\/\/www.apartamentosvoramar.com\/condiciones-generales\/","og_locale":"fr_FR","og_type":"article","og_title":"Condiciones Generales de Reserva - Apartamentos Voramar","og_description":"Puedes leer y revisar todas las condiciones generales de reserva y estancia de Apartamentos Voramar en la Playa de Castelldefels en esta p\u00e1gina. \u00a1Tranquilidad asegurada desde el primer minuto!","og_url":"https:\/\/www.apartamentosvoramar.com\/condiciones-generales\/","og_site_name":"Apartamentos Voramar","article_modified_time":"2018-05-24T10:37:08+00:00","twitter_card":"summary_large_image","twitter_misc":{"Dur\u00e9e de lecture estim\u00e9e":"2 minutes"},"schema":{"@context":"https:\/\/schema.org","@graph":[{"@type":"WebPage","@id":"https:\/\/www.apartamentosvoramar.com\/condiciones-generales\/","url":"https:\/\/www.apartamentosvoramar.com\/condiciones-generales\/","name":"Condiciones Generales de Reserva - Apartamentos Voramar","isPartOf":{"@id":"https:\/\/www.apartamentosvoramar.com\/#website"},"datePublished":"2018-02-06T16:44:28+00:00","dateModified":"2018-05-24T10:37:08+00:00","description":"Puedes leer y revisar todas las condiciones generales de reserva y estancia de Apartamentos Voramar en la Playa de Castelldefels en esta p\u00e1gina. \u00a1Tranquilidad asegurada desde el primer minuto!","breadcrumb":{"@id":"https:\/\/www.apartamentosvoramar.com\/condiciones-generales\/#breadcrumb"},"inLanguage":"fr-FR","potentialAction":[{"@type":"ReadAction","target":["https:\/\/www.apartamentosvoramar.com\/condiciones-generales\/"]}]},{"@type":"BreadcrumbList","@id":"https:\/\/www.apartamentosvoramar.com\/condiciones-generales\/#breadcrumb","itemListElement":[{"@type":"ListItem","position":1,"name":"Portada","item":"https:\/\/www.apartamentosvoramar.com\/fr\/"},{"@type":"ListItem","position":2,"name":"Conditions G\u00e9n\u00e9ral"}]},{"@type":"WebSite","@id":"https:\/\/www.apartamentosvoramar.com\/#website","url":"https:\/\/www.apartamentosvoramar.com\/","name":"Apartamentos Voramar","description":"Tu apartamento vacacional en Castelldefels playa","potentialAction":[{"@type":"SearchAction","target":{"@type":"EntryPoint","urlTemplate":"https:\/\/www.apartamentosvoramar.com\/?s={search_term_string}"},"query-input":{"@type":"PropertyValueSpecification","valueRequired":true,"valueName":"search_term_string"}}],"inLanguage":"fr-FR"}]}},"_links":{"self":[{"href":"https:\/\/www.apartamentosvoramar.com\/fr\/wp-json\/wp\/v2\/pages\/2386","targetHints":{"allow":["GET"]}}],"collection":[{"href":"https:\/\/www.apartamentosvoramar.com\/fr\/wp-json\/wp\/v2\/pages"}],"about":[{"href":"https:\/\/www.apartamentosvoramar.com\/fr\/wp-json\/wp\/v2\/types\/page"}],"author":[{"embeddable":true,"href":"https:\/\/www.apartamentosvoramar.com\/fr\/wp-json\/wp\/v2\/users\/1"}],"replies":[{"embeddable":true,"href":"https:\/\/www.apartamentosvoramar.com\/fr\/wp-json\/wp\/v2\/comments?post=2386"}],"version-history":[{"count":3,"href":"https:\/\/www.apartamentosvoramar.com\/fr\/wp-json\/wp\/v2\/pages\/2386\/revisions"}],"predecessor-version":[{"id":2660,"href":"https:\/\/www.apartamentosvoramar.com\/fr\/wp-json\/wp\/v2\/pages\/2386\/revisions\/2660"}],"wp:attachment":[{"href":"https:\/\/www.apartamentosvoramar.com\/fr\/wp-json\/wp\/v2\/media?parent=2386"}],"curies":[{"name":"wp","href":"https:\/\/api.w.org\/{rel}","templated":true}]}}